{"id":16,"date":"2024-07-17T12:37:55","date_gmt":"2024-07-17T10:37:55","guid":{"rendered":"https:\/\/valenzuela-ana.com\/?page_id=16"},"modified":"2025-11-05T09:47:34","modified_gmt":"2025-11-05T08:47:34","slug":"landing-page","status":"publish","type":"page","link":"https:\/\/valenzuela-ana.com\/","title":{"rendered":"Accueil"},"content":{"rendered":"\t\t<div data-elementor-type=\"wp-page\" data-elementor-id=\"16\" class=\"elementor elementor-16\">\n\t\t\t\t<div class=\"elementor-element elementor-element-41e583f e-flex e-con-boxed e-con e-parent\" data-id=\"41e583f\" data-element_type=\"container\" data-e-type=\"container\" data-settings=\"{&quot;background_background&quot;:&quot;classic&quot;}\">\n\t\t\t\t\t<div class=\"e-con-inner\">\n\t\t\t\t<div class=\"elementor-element elementor-element-195b67d elementor-widget elementor-widget-image\" data-id=\"195b67d\" data-element_type=\"widget\" data-e-type=\"widget\" data-widget_type=\"image.default\">\n\t\t\t\t\t\t\t\t\t\t\t\t\t\t\t<img decoding=\"async\" src=\"https:\/\/valenzuela-ana.com\/wp-content\/uploads\/2024\/07\/Capture-decran-2024-07-17-122532-scaled.jpg\" title=\"Business card _Ana_Naturopathie\" alt=\"Business card _Ana_Naturopathie\" loading=\"lazy\" \/>\t\t\t\t\t\t\t\t\t\t\t\t\t\t\t<\/div>\n\t\t\t\t<div class=\"elementor-element elementor-element-fee4b2a elementor-widget elementor-widget-text-editor\" data-id=\"fee4b2a\" data-element_type=\"widget\" data-e-type=\"widget\" data-widget_type=\"text-editor.default\">\n\t\t\t\t\t\t\t\t\t<p>Naturopathe sp\u00e9cialis\u00e9e en d\u00e9codage biologique<\/p>\t\t\t\t\t\t\t\t<\/div>\n\t\t\t\t<div class=\"elementor-element elementor-element-269eec1 elementor-widget elementor-widget-image\" data-id=\"269eec1\" data-element_type=\"widget\" data-e-type=\"widget\" data-widget_type=\"image.default\">\n\t\t\t\t\t\t\t\t\t\t\t\t\t\t\t<img fetchpriority=\"high\" decoding=\"async\" width=\"1024\" height=\"576\" src=\"https:\/\/valenzuela-ana.com\/wp-content\/uploads\/2024\/07\/19A57CBA-88DD-4D98-9957-3423E22CBA1C-1024x576.jpeg\" class=\"attachment-large size-large wp-image-12\" alt=\"\" srcset=\"https:\/\/valenzuela-ana.com\/wp-content\/uploads\/2024\/07\/19A57CBA-88DD-4D98-9957-3423E22CBA1C-1024x576.jpeg 1024w, https:\/\/valenzuela-ana.com\/wp-content\/uploads\/2024\/07\/19A57CBA-88DD-4D98-9957-3423E22CBA1C-300x169.jpeg 300w, https:\/\/valenzuela-ana.com\/wp-content\/uploads\/2024\/07\/19A57CBA-88DD-4D98-9957-3423E22CBA1C-768x432.jpeg 768w, https:\/\/valenzuela-ana.com\/wp-content\/uploads\/2024\/07\/19A57CBA-88DD-4D98-9957-3423E22CBA1C-1536x864.jpeg 1536w, https:\/\/valenzuela-ana.com\/wp-content\/uploads\/2024\/07\/19A57CBA-88DD-4D98-9957-3423E22CBA1C-2048x1152.jpeg 2048w\" sizes=\"(max-width: 1024px) 100vw, 1024px\" \/>\t\t\t\t\t\t\t\t\t\t\t\t\t\t\t<\/div>\n\t\t\t\t<div class=\"elementor-element elementor-element-4a53fab elementor-align-center elementor-widget elementor-widget-button\" data-id=\"4a53fab\" data-element_type=\"widget\" data-e-type=\"widget\" data-widget_type=\"button.default\">\n\t\t\t\t\t\t\t\t\t\t<a class=\"elementor-button elementor-button-link elementor-size-sm\" href=\"https:\/\/www.google.com\/maps\/place\/Ana+Valenzuela+Naturopathe+Th%C3%A9rapies+Br%C3%A8ves+et+Syst%C3%A9miques\/@43.9648016,3.8554315,17z\/data=!3m1!4b1!4m6!3m5!1s0x12b40d209f94d119:0xd420a2686ba304b8!8m2!3d43.9648016!4d3.8554315!16s%2Fg%2F11w2496_kg?entry=ttu\">\n\t\t\t\t\t\t<span class=\"elementor-button-content-wrapper\">\n\t\t\t\t\t\t\t\t\t<span class=\"elementor-button-text\">Google My Business<\/span>\n\t\t\t\t\t<\/span>\n\t\t\t\t\t<\/a>\n\t\t\t\t\t\t\t\t<\/div>\n\t\t\t\t<div class=\"elementor-element elementor-element-5766098 elementor-widget elementor-widget-text-editor\" data-id=\"5766098\" data-element_type=\"widget\" data-e-type=\"widget\" data-widget_type=\"text-editor.default\">\n\t\t\t\t\t\t\t\t\t<p>7 rue du Peirou \u00e0 Saint-Hippolyte-du-Fort (30)<br \/>T\u00e9l. : 06 02 23 79 34<br \/>Email : contact@valenzuela-ana.com<\/p>\t\t\t\t\t\t\t\t<\/div>\n\t\t\t\t\t<\/div>\n\t\t\t\t<\/div>\n\t\t\t\t<\/div>\n\t\t","protected":false},"excerpt":{"rendered":"<p>Naturopathe sp\u00e9cialis\u00e9e en d\u00e9codage biologique Google My Business 7 rue du Peirou \u00e0 Saint-Hippolyte-du-Fort (30)T\u00e9l. : 06 02 23 79 [&hellip;]<\/p>\n","protected":false},"author":1,"featured_media":0,"parent":0,"menu_order":0,"comment_status":"closed","ping_status":"closed","template":"","meta":{"site-sidebar-layout":"default","site-content-layout":"","ast-site-content-layout":"default","site-content-style":"default","site-sidebar-style":"default","ast-global-header-display":"","ast-banner-title-visibility":"","ast-main-header-display":"","ast-hfb-above-header-display":"","ast-hfb-below-header-display":"","ast-hfb-mobile-header-display":"","site-post-title":"disabled","ast-breadcrumbs-content":"","ast-featured-img":"","footer-sml-layout":"","theme-transparent-header-meta":"","adv-header-id-meta":"","stick-header-meta":"","header-above-stick-meta":"","header-main-stick-meta":"","header-below-stick-meta":"","astra-migrate-meta-layouts":"default","ast-page-background-enabled":"default","ast-page-background-meta":{"desktop":{"background-color":"var(--ast-global-color-5)","background-image":"","background-repeat":"repeat","background-position":"center center","background-size":"auto","background-attachment":"scroll","background-type":"","background-media":"","overlay-type":"","overlay-color":"","overlay-opacity":"","overlay-gradient":""},"tablet":{"background-color":"","background-image":"","background-repeat":"repeat","background-position":"center center","background-size":"auto","background-attachment":"scroll","background-type":"","background-media":"","overlay-type":"","overlay-color":"","overlay-opacity":"","overlay-gradient":""},"mobile":{"background-color":"","background-image":"","background-repeat":"repeat","background-position":"center center","background-size":"auto","background-attachment":"scroll","background-type":"","background-media":"","overlay-type":"","overlay-color":"","overlay-opacity":"","overlay-gradient":""}},"ast-content-background-meta":{"desktop":{"background-color":"var(--ast-global-color-4)","background-image":"","background-repeat":"repeat","background-position":"center center","background-size":"auto","background-attachment":"scroll","background-type":"","background-media":"","overlay-type":"","overlay-color":"","overlay-opacity":"","overlay-gradient":""},"tablet":{"background-color":"var(--ast-global-color-4)","background-image":"","background-repeat":"repeat","background-position":"center center","background-size":"auto","background-attachment":"scroll","background-type":"","background-media":"","overlay-type":"","overlay-color":"","overlay-opacity":"","overlay-gradient":""},"mobile":{"background-color":"var(--ast-global-color-4)","background-image":"","background-repeat":"repeat","background-position":"center center","background-size":"auto","background-attachment":"scroll","background-type":"","background-media":"","overlay-type":"","overlay-color":"","overlay-opacity":"","overlay-gradient":""}},"footnotes":""},"class_list":["post-16","page","type-page","status-publish","hentry"],"aioseo_notices":[],"_links":{"self":[{"href":"https:\/\/valenzuela-ana.com\/index.php?rest_route=\/wp\/v2\/pages\/16","targetHints":{"allow":["GET"]}}],"collection":[{"href":"https:\/\/valenzuela-ana.com\/index.php?rest_route=\/wp\/v2\/pages"}],"about":[{"href":"https:\/\/valenzuela-ana.com\/index.php?rest_route=\/wp\/v2\/types\/page"}],"author":[{"embeddable":true,"href":"https:\/\/valenzuela-ana.com\/index.php?rest_route=\/wp\/v2\/users\/1"}],"replies":[{"embeddable":true,"href":"https:\/\/valenzuela-ana.com\/index.php?rest_route=%2Fwp%2Fv2%2Fcomments&post=16"}],"version-history":[{"count":31,"href":"https:\/\/valenzuela-ana.com\/index.php?rest_route=\/wp\/v2\/pages\/16\/revisions"}],"predecessor-version":[{"id":73,"href":"https:\/\/valenzuela-ana.com\/index.php?rest_route=\/wp\/v2\/pages\/16\/revisions\/73"}],"wp:attachment":[{"href":"https:\/\/valenzuela-ana.com\/index.php?rest_route=%2Fwp%2Fv2%2Fmedia&parent=16"}],"curies":[{"name":"wp","href":"https:\/\/api.w.org\/{rel}","templated":true}]}}